{"id":361,"date":"2023-12-05T18:08:59","date_gmt":"2023-12-05T17:08:59","guid":{"rendered":"http:\/\/hanasvobodova.cz\/?page_id=361"},"modified":"2024-10-03T10:46:24","modified_gmt":"2024-10-03T08:46:24","slug":"bio-2","status":"publish","type":"page","link":"http:\/\/hanasvobodova.cz\/?page_id=361","title":{"rendered":"Bio"},"content":{"rendered":"<section class=\"wpb-content-wrapper\"><p>[vc_row row_type=&#8220;row&#8220; use_row_as_full_screen_section=&#8220;no&#8220; type=&#8220;full_width&#8220; text_align=&#8220;left&#8220; background_animation=&#8220;none&#8220; css_animation=&#8220;&#8220;][vc_column][vc_single_image image=&#8220;277&#8243; img_size=&#8220;full&#8220; alignment=&#8220;center&#8220; onclick=&#8220;custom_link&#8220; qode_css_animation=&#8220;&#8220; css=&#8220;.vc_custom_1727944482313{padding-top: 44px !important;padding-right: 44px !important;padding-bottom: 44px !important;padding-left: 44px !important;}&#8220; link=&#8220;http:\/\/hanasvobodova.cz&#8220;][vc_empty_space height=&#8220;62px&#8220;][\/vc_column][\/vc_row][vc_row row_type=&#8220;row&#8220; use_row_as_full_screen_section=&#8220;no&#8220; type=&#8220;grid&#8220; text_align=&#8220;left&#8220; background_animation=&#8220;none&#8220; css_animation=&#8220;&#8220;][vc_column][vc_column_text]<\/p>\n<h5><b>\u017eivotopis<\/b><\/h5>\n<p>Narozena: 2. \u00fanora 1991 v Brn\u011b<\/p>\n<p>Email: Hana@centrum.cz<\/p>\n<p>&nbsp;<\/p>\n<h5><b>vzd\u011bl\u00e1n\u00ed<\/b><\/h5>\n<ul>\n<li>2011 \u2013 2017 VUT , Fakulta v\u00fdtvarn\u00fdch um\u011bn\u00ed Brno, ateli\u00e9r figurativn\u00edho socha\u0159stv\u00ed, Michael Gabriel, Tom\u00e1\u0161 Medek<\/li>\n<li>2015-2017 Pedagogick\u00e9 minimum, \u00dastav spole\u010densk\u00fdch v\u011bd FAST, VUT v Brn\u011b<\/li>\n<li>2014 st\u00e1\u017e na Akademii linkovnih umjetnosti, Zagreb, Chorvatsko<span class=\"Apple-converted-space\">\u00a0<\/span><\/li>\n<li>2010- 2011 Jazykov\u00e1 \u0161kola Aschool Brno<\/li>\n<li>2006- 2010 st\u0159edn\u00ed Um\u011bleckopr\u016fmyslov\u00e1 \u0161kola Uhersk\u00e9 Hradi\u0161t\u011b<\/li>\n<\/ul>\n<p>&nbsp;<\/p>\n<h5><b>\u00fa\u010dast na symp\u00f3zi\u00edch a realizace<\/b><\/h5>\n<ul>\n<li>2014- 2023 socha\u0159sk\u00e9 sympozium v Da\u010dic\u00edch<\/li>\n<li>2015 \u2013 2023 socha\u0159sk\u00e9 sympozium v De\u0161n\u00e9<\/li>\n<li>2014- 2017 kur\u00e1torka v galerii Ji\u0159\u00ed Putna, Lu\u010dn\u00ed 54, Brno<\/li>\n<li>2013- 2017 realizov\u00e1n\u00ed ceny pro Brn\u011bnskou 16, Mezin\u00e1rodn\u00ed filmov\u00fd festival kr\u00e1tk\u00fdch film\u016f<\/li>\n<li>2013- 2015 socha\u0159sk\u00e9 sympozium v P\u00edse\u010dn\u00e9<\/li>\n<li>2012 realizace reli\u00e9fu sv. Veroniky, Babice u T\u0159eb\u00ed\u010de<\/li>\n<\/ul>\n<p>&nbsp;<\/p>\n<h5><b>samostatn\u00e9 v\u00fdstavy<\/b><\/h5>\n<ul>\n<li>2023 Galerie m\u011bsta Blanska &#8211; SKAFANDR<\/li>\n<li>2023 Galerie Sibi\u0159, Brno \u2013 Barva leto\u0161n\u00edho podzimu<\/li>\n<li>2021 Kafara, Brno \u2013 Tom\u00e1\u0161, Milo\u0161, Otto a Hana<\/li>\n<li>2022 Spolek, Brno \u2013 Pros\u00edm, nakresli mi pt\u00e1\u010dka<\/li>\n<li>2018 Galerie 2+1, Bechyn\u011b \u2013 Bez v\u00edry<\/li>\n<li>2018 Object, Brno \u2013 Symbionts<\/li>\n<li>2017 Villa Stiassni, Brno<span class=\"Apple-converted-space\">\u00a0 <\/span>\u2013 Fashion<\/li>\n<li>2016 Gal\u00e9ria Statua, Z\u00e1mock\u00e1 47, Bratislava \u2013 Reli\u00e9fy<\/li>\n<li>2015 Galerie Ji\u0159\u00ed Putna, Lu\u010dn\u00ed 54, Brno \u2013 Lanugo<\/li>\n<li>2014 kade\u0159nictv\u00ed The art of cut, Hlinky 26, Brno \u2013 Krojovan\u00e1<\/li>\n<\/ul>\n<p>&nbsp;<\/p>\n<h5><b>skupinov\u00e9 v\u00fdstavy<\/b><\/h5>\n<ul>\n<li>2023 Galerie Sibi\u0159, v\u00fdstava v\u00a0r\u00e1mci Open studios Brno<\/li>\n<li>2023 Fait gallery, v\u00fdstavn\u00ed most galerie, Brno<\/li>\n<li>2021 Galerie Bunkr, Most \u2013 Volno\u010dasov\u00e9 aktivity ku klux klanu <span class=\"Apple-converted-space\">\u00a0 \u00a0 \u00a0<\/span><\/li>\n<li>2021 Vila Stiassni, Brno &#8211; TEXTIL<\/li>\n<li>2021 D\u016fm um\u011bn\u00ed m\u011bsta Brna \u2013 Tady a te\u010f<\/li>\n<li>2018 Hybridart Management, Ma\u010farsko, \u010cesko, Polsko, Slovensko \u2013 The Visegrad Group<\/li>\n<li>2017 Opatstv\u00ed v Rajhrad\u011b \u2013 DV\u011a<\/li>\n<li>2016<span class=\"Apple-converted-space\">\u00a0 <\/span>Galerie SOLO Offspace, K\u00f6rnerov\u00e1 9, Brno \u2013 Galerijn\u00ed provoz<\/li>\n<li>2016<span class=\"Apple-converted-space\">\u00a0 <\/span>IX. Bien\u00e1le Zp\u0159\u00edtomn\u011bn\u00ed, Doln\u00ed Kounice<\/li>\n<li>2016 \u0160pilberk, Divadlo na prov\u00e1zku<\/li>\n<li>2016 GALERIE TIC, Workshop galerijn\u00ed provoz, Radnick\u00e1 4, Brno<\/li>\n<li>2016 Galerie Mari\u00e1nsk\u00e1, Pra\u017esk\u00e1 t\u0159\u00edda 1, \u010cesk\u00e9 Bud\u011bjovice \u2013 AS1 Fragmenty sou\u010dasnosti,<\/li>\n<li>2016 workshop ARTE FAKT, spolupr\u00e1ce se studenty architektury z Fakulty stavebn\u00ed, \u017didenice<\/li>\n<li>2016 Galerie m\u011bsta Trutnova, Slovansk\u00e9 n\u00e1m\u011bst\u00ed, Trutnov \u2013 DIGITAL EXCHANGE<\/li>\n<li>2015 Galerie Topi\u010d\u016fv slon, N\u00e1rodn\u00ed 9, Praha \u2013 Creshtest<\/li>\n<li>2015 Galerie Ji\u0159\u00ed Putna, Lu\u010dn\u00ed 54, Brno \u2013 Lanugo<\/li>\n<li>2015 N\u00e1rodn\u00ed divadlo Reduta, Brno \u2013 Autoportr\u00e9t<\/li>\n<li>2015 Galerie Statua, Z\u00e1mock\u00e1 47, Bratislava<\/li>\n<li>2015 Galerie S\u00fdpka, Osov\u00e1 Bit\u00fd\u0161ka, Vlkov \u2013 ASI OKRUH<\/li>\n<li>2014 Sochy v zahrad\u011b 4 a p\u016fl, Krom\u011b\u0159\u00ed\u017e<\/li>\n<li>2014 Apartment Exhibition, Zagreb, Chorvatsko<\/li>\n<li>2014 Galerie m\u011bsta Trutnova, Trutnov \u2013 Ateli\u00e9r Socha1<\/li>\n<li>2013 Galerie G99, Dominik\u00e1nsk\u00e1 9, Brno \u2013 S- FLUX<\/li>\n<li>2013 Galerie SVA Flatiron Gallery, 133\/141 WEST 21st Street, New York<\/li>\n<\/ul>\n<p>[\/vc_column_text][vc_empty_space height=&#8220;62px&#8220;][\/vc_column][\/vc_row]<\/p>\n<\/section>","protected":false},"excerpt":{"rendered":"<p>[vc_row row_type=&#8220;row&#8220; use_row_as_full_screen_section=&#8220;no&#8220; type=&#8220;full_width&#8220; text_align=&#8220;left&#8220; background_animation=&#8220;none&#8220; css_animation=&#8220;&#8220;][vc_column][vc_single_image image=&#8220;277&#8243; img_size=&#8220;full&#8220; alignment=&#8220;center&#8220; onclick=&#8220;custom_link&#8220; qode_css_animation=&#8220;&#8220; css=&#8220;.vc_custom_1727944482313{padding-top: 44px !important;padding-right: 44px !important;padding-bottom: 44px !important;padding-left: 44px !important;}&#8220; link=&#8220;http:\/\/hanasvobodova.cz&#8220;][vc_empty_space height=&#8220;62px&#8220;][\/vc_column][\/vc_row][vc_row row_type=&#8220;row&#8220; use_row_as_full_screen_section=&#8220;no&#8220; type=&#8220;grid&#8220; text_align=&#8220;left&#8220; background_animation=&#8220;none&#8220; css_animation=&#8220;&#8220;][vc_column][vc_column_text] \u017eivotopis Narozena: 2. \u00fanora 1991 v Brn\u011b Email: Hana@centrum.cz &nbsp; vzd\u011bl\u00e1n\u00ed 2011 \u2013 2017 VUT ,&#8230;<\/p>\n","protected":false},"author":2,"featured_media":0,"parent":0,"menu_order":0,"comment_status":"closed","ping_status":"closed","template":"full_width.php","meta":{"footnotes":""},"_links":{"self":[{"href":"http:\/\/hanasvobodova.cz\/index.php?rest_route=\/wp\/v2\/pages\/361"}],"collection":[{"href":"http:\/\/hanasvobodova.cz\/index.php?rest_route=\/wp\/v2\/pages"}],"about":[{"href":"http:\/\/hanasvobodova.cz\/index.php?rest_route=\/wp\/v2\/types\/page"}],"author":[{"embeddable":true,"href":"http:\/\/hanasvobodova.cz\/index.php?rest_route=\/wp\/v2\/users\/2"}],"replies":[{"embeddable":true,"href":"http:\/\/hanasvobodova.cz\/index.php?rest_route=%2Fwp%2Fv2%2Fcomments&post=361"}],"version-history":[{"count":9,"href":"http:\/\/hanasvobodova.cz\/index.php?rest_route=\/wp\/v2\/pages\/361\/revisions"}],"predecessor-version":[{"id":444,"href":"http:\/\/hanasvobodova.cz\/index.php?rest_route=\/wp\/v2\/pages\/361\/revisions\/444"}],"wp:attachment":[{"href":"http:\/\/hanasvobodova.cz\/index.php?rest_route=%2Fwp%2Fv2%2Fmedia&parent=361"}],"curies":[{"name":"wp","href":"https:\/\/api.w.org\/{rel}","templated":true}]}}